{"id":2,"date":"2017-03-02T12:57:03","date_gmt":"2017-03-02T15:57:03","guid":{"rendered":"http:\/\/www.alfamarcharter.com\/?page_id=2"},"modified":"2022-01-13T23:52:37","modified_gmt":"2022-01-14T02:52:37","slug":"empresa-company","status":"publish","type":"page","link":"https:\/\/www.alfamarcharter.com\/es\/empresa-company\/","title":{"rendered":"Empresa"},"content":{"rendered":"<p><\/p>\n<p style=\"text-align: center;\"><img loading=\"lazy\" decoding=\"async\" class=\"alignnone size-full wp-image-476\" src=\"http:\/\/www.alfamarcharter.com\/wp-content\/uploads\/2017\/03\/logo-empresa.gif\" alt=\"\" width=\"300\" height=\"92\" \/><\/p>\n<p>La <strong>ALFAMAR CHARTER<\/strong> es una empresa 100% brasile\u00f1a, que hace 07 a\u00f1os act\u00faa en los segmentos de Alquiler de Embarcaciones, Turismo N\u00e1utico Receptivo y Servicios N\u00e1uticos, que con su visi\u00f3n empresarial, busca superar las expectativas de nuestros clientes, brindando servicios de calidad superior y manera profesional.<\/p>\n<p>A trav\u00e9s de una asociaci\u00f3n con nuestros clientes y proveedores, mantenemos una sana, transparente y sobre todo relaci\u00f3n \u00e9tica, con la misi\u00f3n principal de la mejora continua de nuestro sistema de gesti\u00f3n de calidad, superando las expectativas y la satisfacci\u00f3n de nuestros clientes y empleados, junto siempre preservando el medio ambiente.<\/p>\n<p>La diferencia se expresa en la pr\u00e1ctica operacional centrado en la viabilidad de las soluciones, que nos permite el nivel de excelencia que requiere el mercado.\u00a0Nuestros profesionales est\u00e1n capacitados constantemente en sus \u00e1reas t\u00e9cnicas operativas.<\/p>\n<p><strong>La misi\u00f3n<\/strong> | Para ser reconocido como la mejor opci\u00f3n para soluciones de segmento de servicios de agua y la log\u00edstica mar\u00edtima. Satisfacer las necesidades y expectativas de los clientes a trav\u00e9s de la calidad y agilidad, buscando su completa satisfacci\u00f3n y actuando siempre en colaboraci\u00f3n con los proveedores y empleados.<\/p>\n<p><strong>Generalidades<\/strong> | Mantener un negocio rentable, siempre tratando de mejorar nuestra gesti\u00f3n con un enfoque en la calidad del servicio y la atenci\u00f3n<\/p>\n<p><strong>Los valores<\/strong> | La \u00e9tica, el respeto por la comunidad y el medio ambiente.<\/p>\n<p>&nbsp;<\/p>\n<p style=\"text-align: center;\"><strong>NUESTRAS CERTIFICACIONES<\/strong><\/p>\n<p style=\"text-align: center;\"><a href=\"http:\/\/visit.rio\/que_fazer\/alfamar-charter\/\"><img loading=\"lazy\" decoding=\"async\" class=\"alignnone size-full wp-image-631\" src=\"http:\/\/www.alfamarcharter.com\/wp-content\/uploads\/2017\/03\/certificacao-visitrio.gif\" alt=\"\" width=\"117\" height=\"65\" \/><\/a><a href=\"http:\/\/www.cadastur.turismo.gov.br\/cadastur\/PesquisarEmpresas.mtur\"><img loading=\"lazy\" decoding=\"async\" class=\"alignnone size-full wp-image-632\" src=\"http:\/\/www.alfamarcharter.com\/wp-content\/uploads\/2017\/03\/certificacao-cadastur.gif\" alt=\"\" width=\"185\" height=\"65\" \/><\/a><\/p>\n<p>&nbsp;<\/p>\n<p style=\"text-align: center;\"><strong>NUESTROS CLIENTES<\/strong><\/p>\n<p style=\"text-align: center;\"><img loading=\"lazy\" decoding=\"async\" class=\"alignnone size-full wp-image-780\" src=\"http:\/\/www.alfamarcharter.com\/wp-content\/uploads\/2017\/03\/clientes-alfamar-1.gif\" alt=\"\" width=\"650\" height=\"500\" \/><img loading=\"lazy\" decoding=\"async\" class=\"alignnone wp-image-1429 size-full\" src=\"https:\/\/www.alfamarcharter.com\/wp-content\/uploads\/2019\/06\/painel-clientes-alfamar.gif\" alt=\"\" width=\"642\" height=\"584\" \/><\/p>\n<p style=\"text-align: center;\">.<\/p>\n<p><\/p>","protected":false},"excerpt":{"rendered":"<p>La ALFAMAR CHARTER es una empresa 100% brasile\u00f1a, que hace 07 a\u00f1os act\u00faa en los segmentos de Alquiler de Embarcaciones, Turismo N\u00e1utico Receptivo y Servicios N\u00e1uticos, que con su visi\u00f3n empresarial, busca superar las expectativas de nuestros clientes, brindando servicios de calidad superior y manera profesional. A trav\u00e9s de una asociaci\u00f3n con nuestros clientes y [&hellip;]<\/p>\n","protected":false},"author":1,"featured_media":0,"parent":0,"menu_order":0,"comment_status":"closed","ping_status":"open","template":"","meta":{"sfsi_plus_gutenberg_text_before_share":"","sfsi_plus_gutenberg_show_text_before_share":"","sfsi_plus_gutenberg_icon_type":"","sfsi_plus_gutenberg_icon_alignemt":"","sfsi_plus_gutenburg_max_per_row":"","footnotes":""},"class_list":["post-2","page","type-page","status-publish","hentry"],"_links":{"self":[{"href":"https:\/\/www.alfamarcharter.com\/es\/wp-json\/wp\/v2\/pages\/2","targetHints":{"allow":["GET"]}}],"collection":[{"href":"https:\/\/www.alfamarcharter.com\/es\/wp-json\/wp\/v2\/pages"}],"about":[{"href":"https:\/\/www.alfamarcharter.com\/es\/wp-json\/wp\/v2\/types\/page"}],"author":[{"embeddable":true,"href":"https:\/\/www.alfamarcharter.com\/es\/wp-json\/wp\/v2\/users\/1"}],"replies":[{"embeddable":true,"href":"https:\/\/www.alfamarcharter.com\/es\/wp-json\/wp\/v2\/comments?post=2"}],"version-history":[{"count":0,"href":"https:\/\/www.alfamarcharter.com\/es\/wp-json\/wp\/v2\/pages\/2\/revisions"}],"wp:attachment":[{"href":"https:\/\/www.alfamarcharter.com\/es\/wp-json\/wp\/v2\/media?parent=2"}],"curies":[{"name":"wp","href":"https:\/\/api.w.org\/{rel}","templated":true}]}}